{"id":1249,"date":"2016-02-07T10:02:23","date_gmt":"2016-02-07T10:02:23","guid":{"rendered":"http:\/\/the7.dream-demo.com\/demo\/marketing-agency\/?page_id=45"},"modified":"2025-05-22T13:09:20","modified_gmt":"2025-05-22T11:09:20","slug":"home-2-2-2","status":"publish","type":"page","link":"https:\/\/www.dr-riegler.at\/dr_riegler\/","title":{"rendered":"Dr. Karl Riegler"},"content":{"rendered":"<div class=\"wpb-content-wrapper\"><p>[vc_row][vc_column][vc_column_text css=&#8220;&#8220;]<\/p>\n<h3 style=\"text-align: center;\"><strong>ARZTTERMINE sind wertvoll!<\/strong><\/h3>\n<p style=\"text-align: center;\">Da es in letzter Zeit geh\u00e4uft vorgekommen ist, dass Patient:innen zu Ihrem Untersuchungstermin ohne Absage nicht erschienen sind, sehe ich mich leider gezwungen, k\u00fcnftig ein Ausfallshonorar in Rechnung zu stellen. K\u00f6nnen sie den Untersuchungstermin nicht wahrnehmen, sagen Sie den f\u00fcr Sie reservierten Termin mindestens 24h Stunden vorher telefonisch (Mobilbox) oder per SMS ab.<\/p>\n<p>&nbsp;<\/p>\n<p style=\"text-align: center;\"><strong>Vielen Dank f\u00fcr Ihr Verst\u00e4ndnis.<\/strong><\/p>\n<p style=\"text-align: center;\"><em>Dr. Karl Riegler<\/em><\/p>\n<p>[\/vc_column_text][\/vc_column][\/vc_row][vc_row type=&#8220;1&#8243;][vc_column width=&#8220;1\/2&#8243;]<section class=\"shortcode-teaser img-full frame-fancy frame-on\"><div class=\"shortcode-teaser-img\"><a class=\"layzr-bg rollover\" href=\"http:\/\/www.dr-riegler.at\/dr_riegler\/ordinationen\/grossebersdorf\/\"><img loading=\"lazy\" decoding=\"async\" class=\"lazy-load\" src=\"data:image\/svg+xml;charset=utf-8,%3Csvg xmlns%3D&#039;http%3A%2F%2Fwww.w3.org%2F2000%2Fsvg&#039; viewBox%3D&#039;0 0 1000 667&#039;%2F%3E\" width=\"1000\" height=\"667\" data-srcset=\"https:\/\/www.dr-riegler.at\/dr_riegler\/wp-content\/uploads\/2016\/02\/grossebersdorf-1.jpg 1000w\" data-src=\"https:\/\/www.dr-riegler.at\/dr_riegler\/wp-content\/uploads\/2016\/02\/grossebersdorf-1.jpg\" \/><\/a><\/div><div class=\"shortcode-teaser-content text-big\"><h3 style=\"text-align: center;\">Wahlarzt<\/h3>\n<h4 style=\"text-align: center;\">Kirchenblick 24\/1\/2, 2203 Gro\u00dfebersdorf<\/h4>\n<p style=\"text-align: center;\"><strong>Tel. +43 (0)664 &#8211; 527 16 67<\/strong><br \/>\nOrdination nach telefonischer Vereinbarung<\/p>\n<\/div><\/section>[vc_empty_space height=&#8220;25px&#8220;][\/vc_column][vc_column width=&#8220;1\/2&#8243;]<section class=\"shortcode-teaser img-full frame-fancy frame-on\"><div class=\"shortcode-teaser-img\"><a class=\"layzr-bg rollover\" href=\"http:\/\/www.dr-riegler.at\/dr_riegler\/ordinationen\/gaenserndorf\/\"><img loading=\"lazy\" decoding=\"async\" class=\"lazy-load\" src=\"data:image\/svg+xml;charset=utf-8,%3Csvg xmlns%3D&#039;http%3A%2F%2Fwww.w3.org%2F2000%2Fsvg&#039; viewBox%3D&#039;0 0 1000 667&#039;%2F%3E\" width=\"1000\" height=\"667\" data-srcset=\"https:\/\/www.dr-riegler.at\/dr_riegler\/wp-content\/uploads\/2016\/02\/gaenserndorf-1.jpg 1000w\" data-src=\"https:\/\/www.dr-riegler.at\/dr_riegler\/wp-content\/uploads\/2016\/02\/gaenserndorf-1.jpg\" \/><\/a><\/div><div class=\"shortcode-teaser-content text-big\"><h3 style=\"text-align: center;\">Wahlarzt<\/h3>\n<h4 style=\"text-align: center;\">Hans-Kudlich-Gasse 11\/3, 2230 G\u00e4nserndorf<\/h4>\n<p style=\"text-align: center;\"><strong>Tel. +43 (0)664 &#8211; 527 16 67 \u00a0| \u00a0<\/strong>Fax +43 (0)2282\/ 50 00<br \/>\nOrdination nach telefonischer Vereinbarung<\/p>\n<\/div><\/section>[vc_empty_space height=&#8220;25px&#8220;][\/vc_column][\/vc_row]<\/p>\n<\/div>","protected":false},"excerpt":{"rendered":"<p>[vc_row][vc_column][vc_column_text css=&#8220;&#8220;] ARZTTERMINE sind wertvoll! Da es in letzter Zeit geh\u00e4uft vorgekommen ist, dass Patient:innen zu Ihrem Untersuchungstermin ohne Absage nicht erschienen sind, sehe ich mich leider gezwungen, k\u00fcnftig ein Ausfallshonorar in Rechnung zu stellen. K\u00f6nnen sie den Untersuchungstermin nicht wahrnehmen, sagen Sie den f\u00fcr Sie reservierten Termin mindestens 24h Stunden vorher telefonisch (Mobilbox) oder&hellip;<\/p>\n","protected":false},"author":1,"featured_media":0,"parent":0,"menu_order":1,"comment_status":"closed","ping_status":"closed","template":"","meta":{"footnotes":""},"class_list":["post-1249","page","type-page","status-publish","hentry","description-off"],"yoast_head":"<!-- This site is optimized with the Yoast SEO plugin v27.2 - https:\/\/yoast.com\/product\/yoast-seo-wordpress\/ -->\n<title>Dr. Karl Riegler - Dr. Karl Riegler<\/title>\n<meta name=\"robots\" content=\"index, follow, max-snippet:-1, max-image-preview:large, max-video-preview:-1\" \/>\n<link rel=\"canonical\" href=\"https:\/\/www.dr-riegler.at\/dr_riegler\/\" \/>\n<meta property=\"og:locale\" content=\"de_DE\" \/>\n<meta property=\"og:type\" content=\"article\" \/>\n<meta property=\"og:title\" content=\"Dr. Karl Riegler - Dr. Karl Riegler\" \/>\n<meta property=\"og:description\" content=\"[vc_row][vc_column][vc_column_text css=&#8220;&#8220;] ARZTTERMINE sind wertvoll! Da es in letzter Zeit geh\u00e4uft vorgekommen ist, dass Patient:innen zu Ihrem Untersuchungstermin ohne Absage nicht erschienen sind, sehe ich mich leider gezwungen, k\u00fcnftig ein Ausfallshonorar in Rechnung zu stellen. K\u00f6nnen sie den Untersuchungstermin nicht wahrnehmen, sagen Sie den f\u00fcr Sie reservierten Termin mindestens 24h Stunden vorher telefonisch (Mobilbox) oder&hellip;\" \/>\n<meta property=\"og:url\" content=\"https:\/\/www.dr-riegler.at\/dr_riegler\/\" \/>\n<meta property=\"og:site_name\" content=\"Dr. Karl Riegler\" \/>\n<meta property=\"article:modified_time\" content=\"2025-05-22T11:09:20+00:00\" \/>\n<meta property=\"og:image\" content=\"https:\/\/www.dr-riegler.at\/dr_riegler\/wp-content\/uploads\/2016\/05\/Logo_small.png\" \/>\n\t<meta property=\"og:image:width\" content=\"150\" \/>\n\t<meta property=\"og:image:height\" content=\"143\" \/>\n\t<meta property=\"og:image:type\" content=\"image\/png\" \/>\n<meta name=\"twitter:card\" content=\"summary_large_image\" \/>\n<meta name=\"twitter:label1\" content=\"Gesch\u00e4tzte Lesezeit\" \/>\n\t<meta name=\"twitter:data1\" content=\"1\u00a0Minute\" \/>\n<script type=\"application\/ld+json\" class=\"yoast-schema-graph\">{\"@context\":\"https:\/\/schema.org\",\"@graph\":[{\"@type\":\"WebPage\",\"@id\":\"https:\/\/www.dr-riegler.at\/dr_riegler\/\",\"url\":\"https:\/\/www.dr-riegler.at\/dr_riegler\/\",\"name\":\"Dr. Karl Riegler - Dr. Karl Riegler\",\"isPartOf\":{\"@id\":\"https:\/\/www.dr-riegler.at\/dr_riegler\/#website\"},\"datePublished\":\"2016-02-07T10:02:23+00:00\",\"dateModified\":\"2025-05-22T11:09:20+00:00\",\"breadcrumb\":{\"@id\":\"https:\/\/www.dr-riegler.at\/dr_riegler\/#breadcrumb\"},\"inLanguage\":\"de\",\"potentialAction\":[{\"@type\":\"ReadAction\",\"target\":[\"https:\/\/www.dr-riegler.at\/dr_riegler\/\"]}]},{\"@type\":\"BreadcrumbList\",\"@id\":\"https:\/\/www.dr-riegler.at\/dr_riegler\/#breadcrumb\",\"itemListElement\":[{\"@type\":\"ListItem\",\"position\":1,\"name\":\"Startseite\",\"item\":\"https:\/\/www.dr-riegler.at\/dr_riegler\/\"},{\"@type\":\"ListItem\",\"position\":2,\"name\":\"Dr. Karl Riegler\"}]},{\"@type\":\"WebSite\",\"@id\":\"https:\/\/www.dr-riegler.at\/dr_riegler\/#website\",\"url\":\"https:\/\/www.dr-riegler.at\/dr_riegler\/\",\"name\":\"Dr. Karl Riegler\",\"description\":\"Ihr Wahlarzt aller Kassen\",\"publisher\":{\"@id\":\"https:\/\/www.dr-riegler.at\/dr_riegler\/#organization\"},\"potentialAction\":[{\"@type\":\"SearchAction\",\"target\":{\"@type\":\"EntryPoint\",\"urlTemplate\":\"https:\/\/www.dr-riegler.at\/dr_riegler\/?s={search_term_string}\"},\"query-input\":{\"@type\":\"PropertyValueSpecification\",\"valueRequired\":true,\"valueName\":\"search_term_string\"}}],\"inLanguage\":\"de\"},{\"@type\":\"Organization\",\"@id\":\"https:\/\/www.dr-riegler.at\/dr_riegler\/#organization\",\"name\":\"Dr. Karl Riegler\",\"url\":\"https:\/\/www.dr-riegler.at\/dr_riegler\/\",\"logo\":{\"@type\":\"ImageObject\",\"inLanguage\":\"de\",\"@id\":\"https:\/\/www.dr-riegler.at\/dr_riegler\/#\/schema\/logo\/image\/\",\"url\":\"https:\/\/www.dr-riegler.at\/dr_riegler\/wp-content\/uploads\/2016\/05\/Logo.png\",\"contentUrl\":\"https:\/\/www.dr-riegler.at\/dr_riegler\/wp-content\/uploads\/2016\/05\/Logo.png\",\"width\":500,\"height\":477,\"caption\":\"Dr. Karl Riegler\"},\"image\":{\"@id\":\"https:\/\/www.dr-riegler.at\/dr_riegler\/#\/schema\/logo\/image\/\"}}]}<\/script>\n<!-- \/ Yoast SEO plugin. -->","yoast_head_json":{"title":"Dr. Karl Riegler - Dr. Karl Riegler","robots":{"index":"index","follow":"follow","max-snippet":"max-snippet:-1","max-image-preview":"max-image-preview:large","max-video-preview":"max-video-preview:-1"},"canonical":"https:\/\/www.dr-riegler.at\/dr_riegler\/","og_locale":"de_DE","og_type":"article","og_title":"Dr. Karl Riegler - Dr. Karl Riegler","og_description":"[vc_row][vc_column][vc_column_text css=&#8220;&#8220;] ARZTTERMINE sind wertvoll! Da es in letzter Zeit geh\u00e4uft vorgekommen ist, dass Patient:innen zu Ihrem Untersuchungstermin ohne Absage nicht erschienen sind, sehe ich mich leider gezwungen, k\u00fcnftig ein Ausfallshonorar in Rechnung zu stellen. K\u00f6nnen sie den Untersuchungstermin nicht wahrnehmen, sagen Sie den f\u00fcr Sie reservierten Termin mindestens 24h Stunden vorher telefonisch (Mobilbox) oder&hellip;","og_url":"https:\/\/www.dr-riegler.at\/dr_riegler\/","og_site_name":"Dr. Karl Riegler","article_modified_time":"2025-05-22T11:09:20+00:00","og_image":[{"width":150,"height":143,"url":"https:\/\/www.dr-riegler.at\/dr_riegler\/wp-content\/uploads\/2016\/05\/Logo_small.png","type":"image\/png"}],"twitter_card":"summary_large_image","twitter_misc":{"Gesch\u00e4tzte Lesezeit":"1\u00a0Minute"},"schema":{"@context":"https:\/\/schema.org","@graph":[{"@type":"WebPage","@id":"https:\/\/www.dr-riegler.at\/dr_riegler\/","url":"https:\/\/www.dr-riegler.at\/dr_riegler\/","name":"Dr. Karl Riegler - Dr. Karl Riegler","isPartOf":{"@id":"https:\/\/www.dr-riegler.at\/dr_riegler\/#website"},"datePublished":"2016-02-07T10:02:23+00:00","dateModified":"2025-05-22T11:09:20+00:00","breadcrumb":{"@id":"https:\/\/www.dr-riegler.at\/dr_riegler\/#breadcrumb"},"inLanguage":"de","potentialAction":[{"@type":"ReadAction","target":["https:\/\/www.dr-riegler.at\/dr_riegler\/"]}]},{"@type":"BreadcrumbList","@id":"https:\/\/www.dr-riegler.at\/dr_riegler\/#breadcrumb","itemListElement":[{"@type":"ListItem","position":1,"name":"Startseite","item":"https:\/\/www.dr-riegler.at\/dr_riegler\/"},{"@type":"ListItem","position":2,"name":"Dr. Karl Riegler"}]},{"@type":"WebSite","@id":"https:\/\/www.dr-riegler.at\/dr_riegler\/#website","url":"https:\/\/www.dr-riegler.at\/dr_riegler\/","name":"Dr. Karl Riegler","description":"Ihr Wahlarzt aller Kassen","publisher":{"@id":"https:\/\/www.dr-riegler.at\/dr_riegler\/#organization"},"potentialAction":[{"@type":"SearchAction","target":{"@type":"EntryPoint","urlTemplate":"https:\/\/www.dr-riegler.at\/dr_riegler\/?s={search_term_string}"},"query-input":{"@type":"PropertyValueSpecification","valueRequired":true,"valueName":"search_term_string"}}],"inLanguage":"de"},{"@type":"Organization","@id":"https:\/\/www.dr-riegler.at\/dr_riegler\/#organization","name":"Dr. Karl Riegler","url":"https:\/\/www.dr-riegler.at\/dr_riegler\/","logo":{"@type":"ImageObject","inLanguage":"de","@id":"https:\/\/www.dr-riegler.at\/dr_riegler\/#\/schema\/logo\/image\/","url":"https:\/\/www.dr-riegler.at\/dr_riegler\/wp-content\/uploads\/2016\/05\/Logo.png","contentUrl":"https:\/\/www.dr-riegler.at\/dr_riegler\/wp-content\/uploads\/2016\/05\/Logo.png","width":500,"height":477,"caption":"Dr. Karl Riegler"},"image":{"@id":"https:\/\/www.dr-riegler.at\/dr_riegler\/#\/schema\/logo\/image\/"}}]}},"_links":{"self":[{"href":"https:\/\/www.dr-riegler.at\/dr_riegler\/wp-json\/wp\/v2\/pages\/1249","targetHints":{"allow":["GET"]}}],"collection":[{"href":"https:\/\/www.dr-riegler.at\/dr_riegler\/wp-json\/wp\/v2\/pages"}],"about":[{"href":"https:\/\/www.dr-riegler.at\/dr_riegler\/wp-json\/wp\/v2\/types\/page"}],"author":[{"embeddable":true,"href":"https:\/\/www.dr-riegler.at\/dr_riegler\/wp-json\/wp\/v2\/users\/1"}],"replies":[{"embeddable":true,"href":"https:\/\/www.dr-riegler.at\/dr_riegler\/wp-json\/wp\/v2\/comments?post=1249"}],"version-history":[{"count":28,"href":"https:\/\/www.dr-riegler.at\/dr_riegler\/wp-json\/wp\/v2\/pages\/1249\/revisions"}],"predecessor-version":[{"id":1534,"href":"https:\/\/www.dr-riegler.at\/dr_riegler\/wp-json\/wp\/v2\/pages\/1249\/revisions\/1534"}],"wp:attachment":[{"href":"https:\/\/www.dr-riegler.at\/dr_riegler\/wp-json\/wp\/v2\/media?parent=1249"}],"curies":[{"name":"wp","href":"https:\/\/api.w.org\/{rel}","templated":true}]}}